{"id":473,"date":"2016-07-18T13:45:42","date_gmt":"2016-07-18T13:45:42","guid":{"rendered":"https:\/\/www.tingenieria.com\/?page_id=473"},"modified":"2023-08-09T23:09:42","modified_gmt":"2023-08-09T23:09:42","slug":"contactenos","status":"publish","type":"page","link":"https:\/\/www.tingenieria.com\/en\/contactenos\/","title":{"rendered":"Contact us"},"content":{"rendered":"<div id=\"pl-473\"  class=\"panel-layout\" ><div id=\"pg-473-0\"  class=\"panel-grid panel-no-style\" ><div id=\"pgc-473-0-0\"  class=\"panel-grid-cell\" ><div id=\"panel-473-0-0-0\" class=\"so-panel widget widget_text panel-first-child panel-last-child\" data-index=\"0\" >\t\t\t<div class=\"textwidget\"><p><!-- Fast Secure Contact Form plugin 4.0.43 - begin - FastSecureContactForm.com --><\/p>\n<div style=\"clear:both;\"><\/div>\n<p>Comments or Questions are welcome.<\/p>\n<div id=\"FSContact1\" style=\"width:99%; max-width:555px;\">\n<form action=\"https:\/\/www.tingenieria.com\/en\/wp-json\/wp\/v2\/pages\/473#FSContact1\" id=\"fscf_form1\" method=\"post\" data-trp-original-action=\"https:\/\/www.tingenieria.com\/en\/wp-json\/wp\/v2\/pages\/473#FSContact1\">\n<div id=\"fscf_required1\">\n  <span style=\"text-align:left;\">*<\/span> <span style=\"text-align:left;\">indicates required field<\/span>\n<\/div>\n<div id=\"fscf_div_clear1_0\" style=\"clear:both;\">\n<div id=\"fscf_div_field1_0\" style=\"clear:left; float:left; width:99%; max-width:550px; margin-right:10px;\">\n<div style=\"text-align:left; padding-top:5px;\">\n      <label style=\"text-align:left;\" for=\"fscf_name1\">Full name<span style=\"text-align:left;\">*<\/span><\/label>\n    <\/div>\n<div style=\"text-align:left;\">\n      <input style=\"text-align:left; margin:0; width:99%; max-width:250px;\" type=\"text\" id=\"fscf_name1\" name=\"full_name\" value=\"\"  \/>\n    <\/div>\n<\/p><\/div>\n<\/div>\n<div id=\"fscf_div_clear1_1\" style=\"clear:both;\">\n<div id=\"fscf_div_field1_1\" style=\"clear:left; float:left; width:99%; max-width:550px; margin-right:10px;\">\n<div style=\"text-align:left; padding-top:5px;\">\n      <label style=\"text-align:left;\" for=\"fscf_email1\">Email:<span style=\"text-align:left;\">*<\/span><\/label>\n    <\/div>\n<div style=\"text-align:left;\">\n      <input style=\"text-align:left; margin:0; width:99%; max-width:250px;\" type=\"text\" id=\"fscf_email1\" name=\"email\" value=\"\"  \/>\n    <\/div>\n<\/p><\/div>\n<\/div>\n<div id=\"fscf_div_clear1_4\" style=\"clear:both;\">\n<div id=\"fscf_div_field1_4\" style=\"clear:left; float:left; width:99%; max-width:550px; margin-right:10px;\">\n<div  id=\"fscf_label1_4\" style=\"text-align:left; padding-top:5px;\">\n      <label style=\"text-align:left;\" for=\"fscf_field1_4\">MOBILE<span style=\"text-align:left;\">*<\/span><\/label>\n    <\/div>\n<div style=\"text-align:left;\">\n      <input style=\"text-align:left; margin:0; width:99%; max-width:250px;\" type=\"text\" id=\"fscf_field1_4\" name=\"Telefono\" value=\"\"  \/>\n    <\/div>\n<\/p><\/div>\n<\/div>\n<div id=\"fscf_div_clear1_5\" style=\"clear:both;\">\n<div id=\"fscf_div_field1_5\" style=\"clear:left; float:left; width:99%; max-width:550px; margin-right:10px;\">\n<div  id=\"fscf_label1_5\" style=\"text-align:left; padding-top:5px;\">\n      <label style=\"text-align:left;\" for=\"fscf_field1_5\">Company<span style=\"text-align:left;\">*<\/span><\/label>\n    <\/div>\n<div style=\"text-align:left;\">\n      <input style=\"text-align:left; margin:0; width:99%; max-width:250px;\" type=\"text\" id=\"fscf_field1_5\" name=\"Empresa\" value=\"\"  \/>\n    <\/div>\n<\/p><\/div>\n<\/div>\n<div id=\"fscf_div_clear1_2\" style=\"clear:both;\">\n<div id=\"fscf_div_field1_2\" style=\"clear:left; float:left; width:99%; max-width:550px; margin-right:10px;\">\n<div style=\"text-align:left; padding-top:5px;\">\n      <label style=\"text-align:left;\" for=\"fscf_field1_2\">AIM<span style=\"text-align:left;\">*<\/span><\/label>\n    <\/div>\n<div style=\"text-align:left;\">\n      <input style=\"text-align:left; margin:0; width:99%; max-width:250px;\" type=\"text\" id=\"fscf_field1_2\" name=\"subject\" value=\"\"  \/>\n    <\/div>\n<\/p><\/div>\n<\/div>\n<div id=\"fscf_div_clear1_3\" style=\"clear:both;\">\n<div id=\"fscf_div_field1_3\" style=\"clear:left; float:left; width:99%; max-width:550px; margin-right:10px;\">\n<div style=\"text-align:left; padding-top:5px;\">\n      <label style=\"text-align:left;\" for=\"fscf_field1_3\">Message:<span style=\"text-align:left;\">*<\/span><\/label>\n    <\/div>\n<div style=\"text-align:left;\">\n      <textarea style=\"text-align:left; margin:0; width:99%; max-width:250px; height:120px;\" id=\"fscf_field1_3\" name=\"message\" cols=\"30\" rows=\"10\" ><\/textarea>\n    <\/div>\n<\/p><\/div>\n<\/div>\n<div style=\"clear:both;\"><\/div>\n<div style=\"text-align:left; padding-top:5px;\">\n<\/div>\n<div id=\"fscf_captcha_image_div1\" style=\"width:250px; height:65px; padding-top:2px;\">\n      <img loading=\"lazy\" decoding=\"async\" id=\"fscf_captcha_image1\" style=\"border-style:none; margin:0; padding:0px; padding-right:5px; float:left;\" src=\"https:\/\/www.tingenieria.com\/wp-content\/plugins\/si-contact-form\/captcha\/securimage_show.php?prefix=SiP8EJUI4eMI1vOt\" width=\"175\" height=\"60\" alt=\"CAPTCHA Image\" title=\"CAPTCHA Image\" \/><br \/>\n      <input id=\"fscf_captcha_prefix1\" type=\"hidden\" name=\"fscf_captcha_prefix1\" value=\"SiP8EJUI4eMI1vOt\" \/><\/p>\n<div id=\"fscf_captcha_refresh1\">\n        <a href=\"#\" rel=\"nofollow\" title=\"Refresh Image\" onclick=\"fscf_captcha_refresh('1','\/wp-content\/plugins\/si-contact-form\/captcha','https:\/\/www.tingenieria.com\/wp-content\/plugins\/si-contact-form\/captcha\/securimage_show.php?prefix='); return false;\"><br \/>\n        <img loading=\"lazy\" decoding=\"async\" src=\"https:\/\/www.tingenieria.com\/wp-content\/plugins\/si-contact-form\/captcha\/images\/refresh.png\" width=\"22\" height=\"20\" alt=\"Refresh Image\" style=\"border-style:none; margin:0; padding:0px; vertical-align:bottom;\" onclick=\"this.blur();\" \/><\/a>\n     <\/div>\n<\/div>\n<div id=\"fscf_captcha_field1\" style=\"text-align:left; padding-top:5px;\">\n     <label style=\"text-align:left;\" for=\"fscf_captcha_code1\">CAPTCHA Code:<span style=\"text-align:left;\">*<\/span><\/label>\n<\/div>\n<div style=\"text-align:left;\">\n     <input style=\"text-align:left; margin:0; width:50px;\" type=\"text\" value=\"\" autocomplete=\"off\" id=\"fscf_captcha_code1\" name=\"captcha_code\"  \/>\n<\/div>\n<div id=\"fscf_submit_div1\" style=\"text-align:left; clear:both; padding-top:15px;\">\n\t\t<input type=\"submit\" id=\"fscf_submit1\" style=\"cursor:pointer; margin:0;\" value=\"Submit\"  onclick=\"this.disabled=true; this.value='Submitting...'; this.form.submit();\" \/>\n<\/div>\n<p><input type=\"hidden\" name=\"fscf_submitted\" value=\"0\" \/><br \/>\n<input type=\"hidden\" name=\"fs_postonce_1\" value=\"adddaae69d87a4fa9281f6f0998fe570,1777517339\" \/><br \/>\n<input type=\"hidden\" name=\"si_contact_action\" value=\"send\" \/><br \/>\n<input type=\"hidden\" name=\"form_id\" value=\"1\" \/><br \/>\n<input type=\"hidden\" name=\"mailto_id\" value=\"1\" \/><\/p>\n<input type=\"hidden\" name=\"trp-form-language\" value=\"en\"\/><\/form>\n<\/div>\n<div style=\"clear:both;\"><\/div>\n<p><!-- Fast Secure Contact Form plugin 4.0.43 - end - FastSecureContactForm.com --><\/p>\n<\/div>\n\t\t<\/div><\/div><div id=\"pgc-473-0-1\"  class=\"panel-grid-cell\" ><div id=\"panel-473-0-1-0\" class=\"so-panel widget widget_text panel-first-child panel-last-child\" data-index=\"1\" >\t\t\t<div class=\"textwidget\"><h2>Head office - Bolivia<\/h2>\n<p>NIT 1016271025<\/p>\n<p>Tarija \u2013 Bolivia<\/p>\n<p>Calle Gral. Buhezo N\u00ba 555 \u2013 San Luis<\/p>\n<p>Tel. 591 (4) 664-5274 ; 591 (4) 666-4483<\/p>\n<p>Fax. 591 (4) 666-3000<\/p>\n<p>info@tingenieria.com<\/p>\n<h2>Brazil office<\/h2>\n<p>AV. Eng. Luiz Carlos Berrini, N\u00daMERO 1748<br \/>\nCondominio CONJ 1710, CEP 04.571-000<br \/>\nCIDADE MONCOES - SAO PAULO<\/p>\n<h2>Ecuador Office<\/h2>\n<p>Urbanizaci\u00f3n Metr\u00f3polis I, Locales 4-5, Guayaquil, Ecuador.<\/p>\n<\/div>\n\t\t<\/div><\/div><\/div><\/div>","protected":false},"excerpt":{"rendered":"<p>Oficina central &#8211; Bolivia NIT 1016271025 Tarija \u2013 Bolivia Calle Gral. Buhezo N\u00ba 555 \u2013 San Luis Tel. 591 (4) 664-5274 ; 591 (4) 666-4483 Fax. 591 (4) 666-3000 info@tingenieria.com Oficina Brasil AV. Eng. Luiz Carlos Berrini, N\u00daMERO 1748 Condominio CONJ 1710, CEP 04.571-000 CIDADE MONCOES &#8211; SAO PAULO Oficina Ecuador Urbanizaci\u00f3n Metr\u00f3polis I, Locales &hellip;<\/p>","protected":false},"author":1,"featured_media":0,"parent":0,"menu_order":0,"comment_status":"closed","ping_status":"closed","template":"","meta":{"_acf_changed":false,"footnotes":""},"class_list":["post-473","page","type-page","status-publish","hentry"],"acf":[],"aioseo_notices":[],"_links":{"self":[{"href":"https:\/\/www.tingenieria.com\/en\/wp-json\/wp\/v2\/pages\/473"}],"collection":[{"href":"https:\/\/www.tingenieria.com\/en\/wp-json\/wp\/v2\/pages"}],"about":[{"href":"https:\/\/www.tingenieria.com\/en\/wp-json\/wp\/v2\/types\/page"}],"author":[{"embeddable":true,"href":"https:\/\/www.tingenieria.com\/en\/wp-json\/wp\/v2\/users\/1"}],"replies":[{"embeddable":true,"href":"https:\/\/www.tingenieria.com\/en\/wp-json\/wp\/v2\/comments?post=473"}],"version-history":[{"count":5,"href":"https:\/\/www.tingenieria.com\/en\/wp-json\/wp\/v2\/pages\/473\/revisions"}],"predecessor-version":[{"id":629,"href":"https:\/\/www.tingenieria.com\/en\/wp-json\/wp\/v2\/pages\/473\/revisions\/629"}],"wp:attachment":[{"href":"https:\/\/www.tingenieria.com\/en\/wp-json\/wp\/v2\/media?parent=473"}],"curies":[{"name":"wp","href":"https:\/\/api.w.org\/{rel}","templated":true}]}}