{"id":469,"date":"2016-07-18T13:45:06","date_gmt":"2016-07-18T13:45:06","guid":{"rendered":"https:\/\/www.tingenieria.com\/?page_id=469"},"modified":"2023-08-09T23:02:33","modified_gmt":"2023-08-09T23:02:33","slug":"la-empresa","status":"publish","type":"page","link":"https:\/\/www.tingenieria.com\/en\/la-empresa\/","title":{"rendered":"About us"},"content":{"rendered":"<p style=\"text-align: justify;\"><strong>Tierra &amp; ingenier\u00eda Ltd.,<\/strong> is a company specialized in contract brokerage services for the construction of power generation plants. We have an investor Holding in Brazil to be able to invest in electrical energy, we are also a Broker, who make connections and negotiations between investors and clients interested in the construction of renewable or conventional energy plants, as well as in the oil sector.<\/p>\n<p>We also provide financing for those investors who want to participate in projects with local partners.<\/p>\n<p>Our priority is to provide a highly efficient advisory service for investors, providing them with a portfolio of projects in which they want to invest. Our commitment to excellence and customer satisfaction has led us to establish a solid and respectable reputation in the oil and gas, also in power plant construction market.<\/p>\n<h4>Hugo Buhezo<\/h4>\n<p><strong>Energy<\/strong><\/p>\n<h4>Tierra &amp; Ingenier\u00eda Ltd.<\/h4>\n<p><img loading=\"lazy\" decoding=\"async\" class=\"alignnone size-full wp-image-546\" src=\"https:\/\/www.tingenieria.com\/wp-content\/uploads\/2016\/09\/hugo1.jpg\" alt=\"hugo1\" width=\"1140\" height=\"500\" srcset=\"https:\/\/www.tingenieria.com\/wp-content\/uploads\/2016\/09\/hugo1.jpg 1140w, https:\/\/www.tingenieria.com\/wp-content\/uploads\/2016\/09\/hugo1-300x132.jpg 300w, https:\/\/www.tingenieria.com\/wp-content\/uploads\/2016\/09\/hugo1-768x337.jpg 768w, https:\/\/www.tingenieria.com\/wp-content\/uploads\/2016\/09\/hugo1-1024x449.jpg 1024w\" sizes=\"(max-width: 1140px) 100vw, 1140px\" \/><\/p>\n<p>&nbsp;<\/p>","protected":false},"excerpt":{"rendered":"<p>Tierra &amp; ingenier\u00eda Ltd., es una empresa especializada en servicios de intermediaci\u00f3n de contratos, para la construcci\u00f3n de plantas generadoras de energ\u00eda. Contamos con un Holding inversionista en el Brasil para poder invertir en energ\u00eda el\u00e9ctrica, tambi\u00e9n somos Broker, que realizamos conexiones y negociaciones entre inversionistas y clientes interesados en la construcci\u00f3n de plantas de &hellip;<\/p>","protected":false},"author":1,"featured_media":0,"parent":0,"menu_order":0,"comment_status":"closed","ping_status":"closed","template":"","meta":{"_acf_changed":false,"footnotes":""},"class_list":["post-469","page","type-page","status-publish","hentry"],"acf":[],"aioseo_notices":[],"_links":{"self":[{"href":"https:\/\/www.tingenieria.com\/en\/wp-json\/wp\/v2\/pages\/469"}],"collection":[{"href":"https:\/\/www.tingenieria.com\/en\/wp-json\/wp\/v2\/pages"}],"about":[{"href":"https:\/\/www.tingenieria.com\/en\/wp-json\/wp\/v2\/types\/page"}],"author":[{"embeddable":true,"href":"https:\/\/www.tingenieria.com\/en\/wp-json\/wp\/v2\/users\/1"}],"replies":[{"embeddable":true,"href":"https:\/\/www.tingenieria.com\/en\/wp-json\/wp\/v2\/comments?post=469"}],"version-history":[{"count":11,"href":"https:\/\/www.tingenieria.com\/en\/wp-json\/wp\/v2\/pages\/469\/revisions"}],"predecessor-version":[{"id":625,"href":"https:\/\/www.tingenieria.com\/en\/wp-json\/wp\/v2\/pages\/469\/revisions\/625"}],"wp:attachment":[{"href":"https:\/\/www.tingenieria.com\/en\/wp-json\/wp\/v2\/media?parent=469"}],"curies":[{"name":"wp","href":"https:\/\/api.w.org\/{rel}","templated":true}]}}